{"id":912,"date":"2020-12-11T11:03:42","date_gmt":"2020-12-11T10:03:42","guid":{"rendered":"http:\/\/efi-gest.com\/?post_type=product&#038;p=912"},"modified":"2021-02-10T10:43:51","modified_gmt":"2021-02-10T09:43:51","slug":"sopra-rince-d-liquide-de-rincage-sechage-ultra-concentre","status":"publish","type":"product","link":"https:\/\/efi-gest.com\/?product=sopra-rince-d-liquide-de-rincage-sechage-ultra-concentre","title":{"rendered":"SOPRA RINCE D liquide de rin\u00e7age s\u00e9chage ultra concentr\u00e9"},"content":{"rendered":"","protected":false},"excerpt":{"rendered":"<p>Ref 5L: RINC1<\/p>\n<p>Ref 10L: RINC2<\/p>\n<p>Ref 20L: RINC3<\/p>\n[button open_new_tab=\"true\" color=\"accent-color\" hover_text_color_override=\"#fff\" size=\"medium\" url=\"http:\/\/efi-gest.com\/wp-content\/uploads\/2021\/02\/FT-Sopra-Rince-D.pdf\" text=\"Fiche technique\" color_override=\"\"]\n[button open_new_tab=\"true\" color=\"extra-color-2\" hover_text_color_override=\"#fff\" size=\"medium\" url=\"http:\/\/efi-gest.com\/wp-content\/uploads\/2021\/02\/FDS-SOPRA-RINCE-D.pdf\" text=\"Fiche de s\u00e9curit\u00e9\" color_override=\"\"]\n","protected":false},"featured_media":1553,"template":"","meta":[],"_links":{"self":[{"href":"https:\/\/efi-gest.com\/index.php?rest_route=\/wp\/v2\/product\/912"}],"collection":[{"href":"https:\/\/efi-gest.com\/index.php?rest_route=\/wp\/v2\/product"}],"about":[{"href":"https:\/\/efi-gest.com\/index.php?rest_route=\/wp\/v2\/types\/product"}],"wp:featuredmedia":[{"embeddable":true,"href":"https:\/\/efi-gest.com\/index.php?rest_route=\/wp\/v2\/media\/1553"}],"wp:attachment":[{"href":"https:\/\/efi-gest.com\/index.php?rest_route=%2Fwp%2Fv2%2Fmedia&parent=912"}],"curies":[{"name":"wp","href":"https:\/\/api.w.org\/{rel}","templated":true}]}}