{"id":857,"date":"2020-12-07T16:51:05","date_gmt":"2020-12-07T15:51:05","guid":{"rendered":"http:\/\/efi-gest.com\/?post_type=product&#038;p=857"},"modified":"2021-03-19T11:42:00","modified_gmt":"2021-03-19T10:42:00","slug":"creme-a-recurer-ecolabel","status":"publish","type":"product","link":"https:\/\/efi-gest.com\/?product=creme-a-recurer-ecolabel","title":{"rendered":"Cr\u00e8me \u00e0 r\u00e9curer \u00e9colabel"},"content":{"rendered":"","protected":false},"excerpt":{"rendered":"<p>Ref: 321ECO<\/p>\n[button open_new_tab=\"true\" color=\"accent-color\" hover_text_color_override=\"#fff\" size=\"medium\" url=\"http:\/\/efi-gest.com\/wp-content\/uploads\/2021\/02\/321ECO-1.pdf\" text=\"Fiche technique\" color_override=\"\"]\n[button open_new_tab=\"true\" color=\"extra-color-2\" hover_text_color_override=\"#fff\" size=\"medium\" url=\"https:\/\/efi-gest.com\/wp-content\/uploads\/2021\/03\/FDS-creme-a-recurer-ecolabel-0321ECO.pdf\" text=\"Fiche de s\u00e9curit\u00e9\" color_override=\"\"]\n<p>&nbsp;<\/p>\n","protected":false},"featured_media":858,"template":"","meta":[],"_links":{"self":[{"href":"https:\/\/efi-gest.com\/index.php?rest_route=\/wp\/v2\/product\/857"}],"collection":[{"href":"https:\/\/efi-gest.com\/index.php?rest_route=\/wp\/v2\/product"}],"about":[{"href":"https:\/\/efi-gest.com\/index.php?rest_route=\/wp\/v2\/types\/product"}],"wp:featuredmedia":[{"embeddable":true,"href":"https:\/\/efi-gest.com\/index.php?rest_route=\/wp\/v2\/media\/858"}],"wp:attachment":[{"href":"https:\/\/efi-gest.com\/index.php?rest_route=%2Fwp%2Fv2%2Fmedia&parent=857"}],"curies":[{"name":"wp","href":"https:\/\/api.w.org\/{rel}","templated":true}]}}