{"id":709,"date":"2020-11-26T15:54:27","date_gmt":"2020-11-26T14:54:27","guid":{"rendered":"http:\/\/efi-gest.com\/?post_type=product&#038;p=709"},"modified":"2021-01-28T15:05:06","modified_gmt":"2021-01-28T14:05:06","slug":"spunbond-noir-30xtete-a-tete-27x90-predecoupe-rouleau-27m","status":"publish","type":"product","link":"https:\/\/efi-gest.com\/?product=spunbond-noir-30xtete-a-tete-27x90-predecoupe-rouleau-27m","title":{"rendered":"\u00ab\u00a0spunbond\u00a0\u00bb Noir 30xT\u00eate \u00e0 t\u00eate 27&#215;90 pr\u00e9d\u00e9coup\u00e9 rouleau 27m"},"content":{"rendered":"","protected":false},"excerpt":{"rendered":"<p>Ref: R732726EF<\/p>\n","protected":false},"featured_media":1499,"template":"","meta":[],"_links":{"self":[{"href":"https:\/\/efi-gest.com\/index.php?rest_route=\/wp\/v2\/product\/709"}],"collection":[{"href":"https:\/\/efi-gest.com\/index.php?rest_route=\/wp\/v2\/product"}],"about":[{"href":"https:\/\/efi-gest.com\/index.php?rest_route=\/wp\/v2\/types\/product"}],"wp:featuredmedia":[{"embeddable":true,"href":"https:\/\/efi-gest.com\/index.php?rest_route=\/wp\/v2\/media\/1499"}],"wp:attachment":[{"href":"https:\/\/efi-gest.com\/index.php?rest_route=%2Fwp%2Fv2%2Fmedia&parent=709"}],"curies":[{"name":"wp","href":"https:\/\/api.w.org\/{rel}","templated":true}]}}