{"id":54,"date":"2020-09-27T23:35:41","date_gmt":"2020-09-27T21:35:41","guid":{"rendered":"http:\/\/efi-gest.com\/?post_type=product&#038;p=54"},"modified":"2021-03-29T09:44:36","modified_gmt":"2021-03-29T07:44:36","slug":"essuie-tout-autocut-6-rouleaux","status":"publish","type":"product","link":"https:\/\/efi-gest.com\/?product=essuie-tout-autocut-6-rouleaux","title":{"rendered":"Essuie mains Autocut 2 plis gaufr\u00e9"},"content":{"rendered":"","protected":false},"excerpt":{"rendered":"<p>Ref: 012EF<\/p>\n<p>[button open_new_tab=\"true\" color=\"accent-color\" hover_text_color_override=\"#fff\" size=\"medium\" url=\"\" text=\"T\u00e9l\u00e9charger la fiche de s\u00e9curit\u00e9\" color_override=\"\"] [button open_new_tab=\"true\" color=\"extra-color-2\" hover_text_color_override=\"#fff\" size=\"medium\" url=\".pdf\" text=\"T\u00e9l\u00e9charger la fiche technique\" color_override=\"\"]<\/p>\n","protected":false},"featured_media":794,"template":"","meta":[],"_links":{"self":[{"href":"https:\/\/efi-gest.com\/index.php?rest_route=\/wp\/v2\/product\/54"}],"collection":[{"href":"https:\/\/efi-gest.com\/index.php?rest_route=\/wp\/v2\/product"}],"about":[{"href":"https:\/\/efi-gest.com\/index.php?rest_route=\/wp\/v2\/types\/product"}],"wp:featuredmedia":[{"embeddable":true,"href":"https:\/\/efi-gest.com\/index.php?rest_route=\/wp\/v2\/media\/794"}],"wp:attachment":[{"href":"https:\/\/efi-gest.com\/index.php?rest_route=%2Fwp%2Fv2%2Fmedia&parent=54"}],"curies":[{"name":"wp","href":"https:\/\/api.w.org\/{rel}","templated":true}]}}