{"id":474,"date":"2020-11-23T15:57:42","date_gmt":"2020-11-23T14:57:42","guid":{"rendered":"http:\/\/efi-gest.com\/?post_type=product&#038;p=474"},"modified":"2021-01-27T11:02:26","modified_gmt":"2021-01-27T10:02:26","slug":"sac-kraft-brun-a-poignees-plates-renforcees-26x14x33cm-70gr","status":"publish","type":"product","link":"https:\/\/efi-gest.com\/?product=sac-kraft-brun-a-poignees-plates-renforcees-26x14x33cm-70gr","title":{"rendered":"Sac kraft brun \u00e0 poign\u00e9es plates renforc\u00e9es 26x14x33cm 70gr"},"content":{"rendered":"","protected":false},"excerpt":{"rendered":"<p>Ref: KF2733EF<\/p>\n","protected":false},"featured_media":1449,"template":"","meta":[],"_links":{"self":[{"href":"https:\/\/efi-gest.com\/index.php?rest_route=\/wp\/v2\/product\/474"}],"collection":[{"href":"https:\/\/efi-gest.com\/index.php?rest_route=\/wp\/v2\/product"}],"about":[{"href":"https:\/\/efi-gest.com\/index.php?rest_route=\/wp\/v2\/types\/product"}],"wp:featuredmedia":[{"embeddable":true,"href":"https:\/\/efi-gest.com\/index.php?rest_route=\/wp\/v2\/media\/1449"}],"wp:attachment":[{"href":"https:\/\/efi-gest.com\/index.php?rest_route=%2Fwp%2Fv2%2Fmedia&parent=474"}],"curies":[{"name":"wp","href":"https:\/\/api.w.org\/{rel}","templated":true}]}}