{"id":389,"date":"2020-11-20T11:55:43","date_gmt":"2020-11-20T10:55:43","guid":{"rendered":"http:\/\/efi-gest.com\/?post_type=product&#038;p=389"},"modified":"2021-01-05T10:47:41","modified_gmt":"2021-01-05T09:47:41","slug":"boite-patissiere-14x14x5-a-fenetre","status":"publish","type":"product","link":"https:\/\/efi-gest.com\/?product=boite-patissiere-14x14x5-a-fenetre","title":{"rendered":"Boite p\u00e2tissi\u00e8re 14x14x5 \u00e0 fen\u00eatre"},"content":{"rendered":"","protected":false},"excerpt":{"rendered":"<p>Ref: BPF1<\/p>\n","protected":false},"featured_media":1136,"template":"","meta":[],"_links":{"self":[{"href":"https:\/\/efi-gest.com\/index.php?rest_route=\/wp\/v2\/product\/389"}],"collection":[{"href":"https:\/\/efi-gest.com\/index.php?rest_route=\/wp\/v2\/product"}],"about":[{"href":"https:\/\/efi-gest.com\/index.php?rest_route=\/wp\/v2\/types\/product"}],"wp:featuredmedia":[{"embeddable":true,"href":"https:\/\/efi-gest.com\/index.php?rest_route=\/wp\/v2\/media\/1136"}],"wp:attachment":[{"href":"https:\/\/efi-gest.com\/index.php?rest_route=%2Fwp%2Fv2%2Fmedia&parent=389"}],"curies":[{"name":"wp","href":"https:\/\/api.w.org\/{rel}","templated":true}]}}