{"id":348,"date":"2020-11-19T14:53:54","date_gmt":"2020-11-19T13:53:54","guid":{"rendered":"http:\/\/efi-gest.com\/?post_type=product&#038;p=348"},"modified":"2021-01-04T15:57:17","modified_gmt":"2021-01-04T14:57:17","slug":"serpilliere-double-tissee-gaufree-ecrue-60x100cm-unite","status":"publish","type":"product","link":"https:\/\/efi-gest.com\/?product=serpilliere-double-tissee-gaufree-ecrue-60x100cm-unite","title":{"rendered":"Serpilli\u00e8re double tiss\u00e9e gaufr\u00e9e \u00e9crue 60x100cm unit\u00e9"},"content":{"rendered":"","protected":false},"excerpt":{"rendered":"<p>Ref: 13SEF<\/p>\n","protected":false},"featured_media":1116,"template":"","meta":[],"_links":{"self":[{"href":"https:\/\/efi-gest.com\/index.php?rest_route=\/wp\/v2\/product\/348"}],"collection":[{"href":"https:\/\/efi-gest.com\/index.php?rest_route=\/wp\/v2\/product"}],"about":[{"href":"https:\/\/efi-gest.com\/index.php?rest_route=\/wp\/v2\/types\/product"}],"wp:featuredmedia":[{"embeddable":true,"href":"https:\/\/efi-gest.com\/index.php?rest_route=\/wp\/v2\/media\/1116"}],"wp:attachment":[{"href":"https:\/\/efi-gest.com\/index.php?rest_route=%2Fwp%2Fv2%2Fmedia&parent=348"}],"curies":[{"name":"wp","href":"https:\/\/api.w.org\/{rel}","templated":true}]}}