{"id":300,"date":"2020-11-18T10:59:26","date_gmt":"2020-11-18T09:59:26","guid":{"rendered":"http:\/\/efi-gest.com\/?post_type=product&#038;p=300"},"modified":"2020-12-07T15:29:46","modified_gmt":"2020-12-07T14:29:46","slug":"botte-de-securite-impermeable-noir","status":"publish","type":"product","link":"https:\/\/efi-gest.com\/?product=botte-de-securite-impermeable-noir","title":{"rendered":"Botte de s\u00e9curit\u00e9 imperm\u00e9able noire"},"content":{"rendered":"","protected":false},"excerpt":{"rendered":"<p>Ref: 222EF<\/p>\n","protected":false},"featured_media":833,"template":"","meta":[],"_links":{"self":[{"href":"https:\/\/efi-gest.com\/index.php?rest_route=\/wp\/v2\/product\/300"}],"collection":[{"href":"https:\/\/efi-gest.com\/index.php?rest_route=\/wp\/v2\/product"}],"about":[{"href":"https:\/\/efi-gest.com\/index.php?rest_route=\/wp\/v2\/types\/product"}],"wp:featuredmedia":[{"embeddable":true,"href":"https:\/\/efi-gest.com\/index.php?rest_route=\/wp\/v2\/media\/833"}],"wp:attachment":[{"href":"https:\/\/efi-gest.com\/index.php?rest_route=%2Fwp%2Fv2%2Fmedia&parent=300"}],"curies":[{"name":"wp","href":"https:\/\/api.w.org\/{rel}","templated":true}]}}