{"id":235,"date":"2020-11-17T10:06:54","date_gmt":"2020-11-17T09:06:54","guid":{"rendered":"http:\/\/efi-gest.com\/?post_type=product&#038;p=235"},"modified":"2021-02-25T11:48:57","modified_gmt":"2021-02-25T10:48:57","slug":"sel-regenerant","status":"publish","type":"product","link":"https:\/\/efi-gest.com\/?product=sel-regenerant","title":{"rendered":"Sel r\u00e9g\u00e9n\u00e9rant"},"content":{"rendered":"","protected":false},"excerpt":{"rendered":"<p>Ref: 220E<\/p>\n[button open_new_tab=\"true\" color=\"accent-color\" hover_text_color_override=\"#fff\" size=\"medium\" url=\"http:\/\/efi-gest.com\/wp-content\/uploads\/2021\/02\/FT___0129___SEL_REGENERANT_MACHINE.pdf\" text=\"Fiche technique\" color_override=\"\"]\n[button open_new_tab=\"true\" color=\"extra-color-2\" hover_text_color_override=\"#fff\" size=\"medium\" url=\"http:\/\/efi-gest.com\/wp-content\/uploads\/2021\/02\/FDS-Sel-regenerant-220E.pdf\" text=\"Fiche de s\u00e9curit\u00e9\" color_override=\"\"]\n","protected":false},"featured_media":1259,"template":"","meta":[],"_links":{"self":[{"href":"https:\/\/efi-gest.com\/index.php?rest_route=\/wp\/v2\/product\/235"}],"collection":[{"href":"https:\/\/efi-gest.com\/index.php?rest_route=\/wp\/v2\/product"}],"about":[{"href":"https:\/\/efi-gest.com\/index.php?rest_route=\/wp\/v2\/types\/product"}],"wp:featuredmedia":[{"embeddable":true,"href":"https:\/\/efi-gest.com\/index.php?rest_route=\/wp\/v2\/media\/1259"}],"wp:attachment":[{"href":"https:\/\/efi-gest.com\/index.php?rest_route=%2Fwp%2Fv2%2Fmedia&parent=235"}],"curies":[{"name":"wp","href":"https:\/\/api.w.org\/{rel}","templated":true}]}}