{"id":224,"date":"2020-11-17T09:33:50","date_gmt":"2020-11-17T08:33:50","guid":{"rendered":"http:\/\/efi-gest.com\/?post_type=product&#038;p=224"},"modified":"2021-03-01T15:20:17","modified_gmt":"2021-03-01T14:20:17","slug":"deterquat-dna-en1276-en13697-conc-desinfectant-alimentaire","status":"publish","type":"product","link":"https:\/\/efi-gest.com\/?product=deterquat-dna-en1276-en13697-conc-desinfectant-alimentaire","title":{"rendered":"D\u00e9terquat DNA d\u00e9sinfectant alimentaire concentr\u00e9"},"content":{"rendered":"","protected":false},"excerpt":{"rendered":"<p>Ref: 2EF<\/p>\n[button open_new_tab=\"true\" color=\"accent-color\" hover_text_color_override=\"#fff\" size=\"medium\" url=\"http:\/\/efi-gest.com\/wp-content\/uploads\/2021\/03\/2EF-DETERQUAT-DNA-FT.pdf\" text=\"Fiche technique\" color_override=\"\"]\n[button open_new_tab=\"true\" color=\"extra-color-2\" hover_text_color_override=\"#fff\" size=\"medium\" url=\"http:\/\/efi-gest.com\/wp-content\/uploads\/2021\/03\/FDS-Deterquat-DNA.pdf\" text=\"Fiche de s\u00e9curit\u00e9\" color_override=\"\"]\n<p>&nbsp;<\/p>\n","protected":false},"featured_media":1469,"template":"","meta":[],"_links":{"self":[{"href":"https:\/\/efi-gest.com\/index.php?rest_route=\/wp\/v2\/product\/224"}],"collection":[{"href":"https:\/\/efi-gest.com\/index.php?rest_route=\/wp\/v2\/product"}],"about":[{"href":"https:\/\/efi-gest.com\/index.php?rest_route=\/wp\/v2\/types\/product"}],"wp:featuredmedia":[{"embeddable":true,"href":"https:\/\/efi-gest.com\/index.php?rest_route=\/wp\/v2\/media\/1469"}],"wp:attachment":[{"href":"https:\/\/efi-gest.com\/index.php?rest_route=%2Fwp%2Fv2%2Fmedia&parent=224"}],"curies":[{"name":"wp","href":"https:\/\/api.w.org\/{rel}","templated":true}]}}