{"id":223,"date":"2020-11-17T09:27:58","date_gmt":"2020-11-17T08:27:58","guid":{"rendered":"http:\/\/efi-gest.com\/?post_type=product&#038;p=223"},"modified":"2021-03-01T15:23:17","modified_gmt":"2021-03-01T14:23:17","slug":"deterquat-al-desinfectant-bactericide-fongicide-virucide-sans-rincage","status":"publish","type":"product","link":"https:\/\/efi-gest.com\/?product=deterquat-al-desinfectant-bactericide-fongicide-virucide-sans-rincage","title":{"rendered":"D\u00e9terquat AL d\u00e9sinfectant sans rin\u00e7age"},"content":{"rendered":"","protected":false},"excerpt":{"rendered":"<p>Ref bidon 5L: 0715EF<\/p>\n<p>Ref Spray 750ml: 711EF<\/p>\n<p>Ref lingette: 9001EF<\/p>\n[button open_new_tab=\"true\" color=\"accent-color\" hover_text_color_override=\"#fff\" size=\"medium\" url=\"http:\/\/efi-gest.com\/wp-content\/uploads\/2021\/03\/FT-DETERQUAT_AL_ECOCERT.pdf\" text=\"Fiche technique\" color_override=\"\"]\n[button open_new_tab=\"true\" color=\"extra-color-2\" hover_text_color_override=\"#fff\" size=\"medium\" url=\"http:\/\/efi-gest.com\/wp-content\/uploads\/2021\/03\/MDS-detarquat-AL.pdf\" text=\"Fiche de s\u00e9curit\u00e9\" color_override=\"\"]\n","protected":false},"featured_media":1067,"template":"","meta":[],"_links":{"self":[{"href":"https:\/\/efi-gest.com\/index.php?rest_route=\/wp\/v2\/product\/223"}],"collection":[{"href":"https:\/\/efi-gest.com\/index.php?rest_route=\/wp\/v2\/product"}],"about":[{"href":"https:\/\/efi-gest.com\/index.php?rest_route=\/wp\/v2\/types\/product"}],"wp:featuredmedia":[{"embeddable":true,"href":"https:\/\/efi-gest.com\/index.php?rest_route=\/wp\/v2\/media\/1067"}],"wp:attachment":[{"href":"https:\/\/efi-gest.com\/index.php?rest_route=%2Fwp%2Fv2%2Fmedia&parent=223"}],"curies":[{"name":"wp","href":"https:\/\/api.w.org\/{rel}","templated":true}]}}