{"id":209,"date":"2020-11-16T16:05:11","date_gmt":"2020-11-16T15:05:11","guid":{"rendered":"http:\/\/efi-gest.com\/?post_type=product&#038;p=209"},"modified":"2021-03-09T11:34:44","modified_gmt":"2021-03-09T10:34:44","slug":"decapcire-decapant-cire-et-emulsions-avec-rincage","status":"publish","type":"product","link":"https:\/\/efi-gest.com\/?product=decapcire-decapant-cire-et-emulsions-avec-rincage","title":{"rendered":"D\u00e9cap&rsquo;cire d\u00e9capant cire et \u00e9mulsions avec rin\u00e7age"},"content":{"rendered":"","protected":false},"excerpt":{"rendered":"<p>Ref: 241EF<\/p>\n[button open_new_tab=\"true\" color=\"accent-color\" hover_text_color_override=\"#fff\" size=\"medium\" url=\"https:\/\/efi-gest.com\/wp-content\/uploads\/2021\/03\/FT-DECAP-CIRE.pdf\" text=\"Fiche technique\" color_override=\"\"]\n[button open_new_tab=\"true\" color=\"extra-color-2\" hover_text_color_override=\"#fff\" size=\"medium\" url=\"https:\/\/efi-gest.com\/wp-content\/uploads\/2021\/03\/FDS-decap-cire-rincage.pdf\" text=\"Fiche de s\u00e9curit\u00e9\" color_override=\"\"]\n","protected":false},"featured_media":1466,"template":"","meta":[],"_links":{"self":[{"href":"https:\/\/efi-gest.com\/index.php?rest_route=\/wp\/v2\/product\/209"}],"collection":[{"href":"https:\/\/efi-gest.com\/index.php?rest_route=\/wp\/v2\/product"}],"about":[{"href":"https:\/\/efi-gest.com\/index.php?rest_route=\/wp\/v2\/types\/product"}],"wp:featuredmedia":[{"embeddable":true,"href":"https:\/\/efi-gest.com\/index.php?rest_route=\/wp\/v2\/media\/1466"}],"wp:attachment":[{"href":"https:\/\/efi-gest.com\/index.php?rest_route=%2Fwp%2Fv2%2Fmedia&parent=209"}],"curies":[{"name":"wp","href":"https:\/\/api.w.org\/{rel}","templated":true}]}}