{"id":208,"date":"2020-11-16T16:03:30","date_gmt":"2020-11-16T15:03:30","guid":{"rendered":"http:\/\/efi-gest.com\/?post_type=product&#038;p=208"},"modified":"2021-03-09T12:08:33","modified_gmt":"2021-03-09T11:08:33","slug":"detergent-sol-3d-ambiance-desinfectant-bactericide","status":"publish","type":"product","link":"https:\/\/efi-gest.com\/?product=detergent-sol-3d-ambiance-desinfectant-bactericide","title":{"rendered":"D\u00e9tergent sol 3D Ambiance d\u00e9sinfectant &#8211; bact\u00e9ricide"},"content":{"rendered":"","protected":false},"excerpt":{"rendered":"<p>Ref: 0611EF<\/p>\n[button open_new_tab=\"true\" color=\"accent-color\" hover_text_color_override=\"#fff\" size=\"medium\" url=\"https:\/\/efi-gest.com\/wp-content\/uploads\/2021\/03\/FT-S0611-SENET-3D-Tout-parfum-2.pdf\" text=\"Fiche technique\" color_override=\"\"]\n[button open_new_tab=\"true\" color=\"extra-color-2\" hover_text_color_override=\"#fff\" size=\"medium\" url=\"https:\/\/efi-gest.com\/wp-content\/uploads\/2021\/03\/FDS-Senet-3D-ambiance.pdf\" text=\"Fiche de s\u00e9curit\u00e9\" color_override=\"\"]\n","protected":false},"featured_media":1467,"template":"","meta":[],"_links":{"self":[{"href":"https:\/\/efi-gest.com\/index.php?rest_route=\/wp\/v2\/product\/208"}],"collection":[{"href":"https:\/\/efi-gest.com\/index.php?rest_route=\/wp\/v2\/product"}],"about":[{"href":"https:\/\/efi-gest.com\/index.php?rest_route=\/wp\/v2\/types\/product"}],"wp:featuredmedia":[{"embeddable":true,"href":"https:\/\/efi-gest.com\/index.php?rest_route=\/wp\/v2\/media\/1467"}],"wp:attachment":[{"href":"https:\/\/efi-gest.com\/index.php?rest_route=%2Fwp%2Fv2%2Fmedia&parent=208"}],"curies":[{"name":"wp","href":"https:\/\/api.w.org\/{rel}","templated":true}]}}