{"id":178,"date":"2020-11-06T14:20:58","date_gmt":"2020-11-06T13:20:58","guid":{"rendered":"http:\/\/efi-gest.com\/?post_type=product&#038;p=178"},"modified":"2020-12-07T09:46:45","modified_gmt":"2020-12-07T08:46:45","slug":"mouchoirs-cosmetiques-enchevetres","status":"publish","type":"product","link":"https:\/\/efi-gest.com\/?product=mouchoirs-cosmetiques-enchevetres","title":{"rendered":"Mouchoirs cosm\u00e9tiques enchev\u00eatr\u00e9s"},"content":{"rendered":"","protected":false},"excerpt":{"rendered":"<p>Ref 05EF<\/p>\n","protected":false},"featured_media":793,"template":"","meta":[],"_links":{"self":[{"href":"https:\/\/efi-gest.com\/index.php?rest_route=\/wp\/v2\/product\/178"}],"collection":[{"href":"https:\/\/efi-gest.com\/index.php?rest_route=\/wp\/v2\/product"}],"about":[{"href":"https:\/\/efi-gest.com\/index.php?rest_route=\/wp\/v2\/types\/product"}],"wp:featuredmedia":[{"embeddable":true,"href":"https:\/\/efi-gest.com\/index.php?rest_route=\/wp\/v2\/media\/793"}],"wp:attachment":[{"href":"https:\/\/efi-gest.com\/index.php?rest_route=%2Fwp%2Fv2%2Fmedia&parent=178"}],"curies":[{"name":"wp","href":"https:\/\/api.w.org\/{rel}","templated":true}]}}